{"id":362,"date":"2021-05-13T05:31:27","date_gmt":"2021-05-13T02:31:27","guid":{"rendered":"https:\/\/mavi-koli.com\/?page_id=362"},"modified":"2023-11-09T10:22:11","modified_gmt":"2023-11-09T07:22:11","slug":"iletisim","status":"publish","type":"page","link":"https:\/\/mavi-koli.com\/?page_id=362","title":{"rendered":"\u0130leti\u015fim"},"content":{"rendered":"\n<div class=\"wp-block-uagb-container uagb-block-a86d0478 alignfull uagb-is-root-container\"><div class=\"uagb-container-inner-blocks-wrap\">\n<div class=\"wp-block-uagb-advanced-heading uagb-block-cc918673\"><h1 class=\"uagb-heading-text\">Bize Ula\u015f\u0131n<\/h1><\/div>\n<\/div><\/div>\n\n\n\n<div class=\"wp-block-uagb-container uagb-block-5769b31c alignfull uagb-is-root-container\"><div class=\"uagb-container-inner-blocks-wrap\">\n<div class=\"wp-block-uagb-container uagb-block-b351a532\">\n<div class=\"wp-block-uagb-advanced-heading uagb-block-af69a96f\"><h5 class=\"uagb-heading-text\">G\u00f6r\u00fc\u015f ve \u015eikayetleriniz \u0130\u00e7in<\/h5><\/div>\n\n\n\n<div class=\"wp-block-uagb-advanced-heading uagb-block-c4ef5ca1\"><\/div>\n<\/div>\n\n\n\n<div class=\"wp-block-uagb-container uagb-block-369e0b8b\">\n<div class=\"wp-block-uagb-advanced-heading uagb-block-583e1e6a\"><h3 class=\"uagb-heading-text\">Bize Yaz\u0131n..<\/h3><\/div>\n\n\n\n<div class=\"wp-block-uagb-container uagb-block-e7b5dac7\">\n<div class=\"wp-block-uagb-forms uagb-forms__outer-wrap uagb-block-f40a49bc uagb-forms__medium-btn\"><form class=\"uagb-forms-main-form\" method=\"post\" autocomplete=\"on\" name=\"uagb-form-f40a49bc\">\n<div class=\"wp-block-uagb-forms-name uagb-forms-name-wrap uagb-forms-field-set uagb-block-87970316\"><div class=\"uagb-forms-name-label required uagb-forms-input-label\" id=\"87970316\">Ad\u0131n\u0131z<\/div><input type=\"text\" placeholder=\"Ad\u0131n\u0131z...\" required class=\"uagb-forms-name-input uagb-forms-input\" name=\"87970316\" autocomplete=\"given-name\"\/><\/div>\n\n\n\n<div class=\"wp-block-uagb-forms-name uagb-forms-name-wrap uagb-forms-field-set uagb-block-2466f805\"><div class=\"uagb-forms-name-label required uagb-forms-input-label\" id=\"2466f805\">Soyad\u0131n\u0131z<\/div><input type=\"text\" placeholder=\"Soyad\u0131n\u0131z...\" required class=\"uagb-forms-name-input uagb-forms-input\" name=\"2466f805\" autocomplete=\"family-name\"\/><\/div>\n\n\n\n<div class=\"wp-block-uagb-forms-email uagb-forms-email-wrap uagb-forms-field-set uagb-block-702babdf\"><div class=\"uagb-forms-email-label  uagb-forms-input-label\" id=\"702babdf\">Email Adresiniz<\/div><input type=\"email\" class=\"uagb-forms-email-input uagb-forms-input\" placeholder=\"example@mail.com\" name=\"702babdf\" autocomplete=\"email\"\/><\/div>\n\n\n\n<div class=\"wp-block-uagb-forms-textarea uagb-forms-textarea-wrap uagb-forms-field-set uagb-block-8e5c324c\"><div class=\"uagb-forms-textarea-label required uagb-forms-input-label\" id=\"8e5c324c\">Mesaj\u0131n\u0131z<\/div><textarea required class=\"uagb-forms-textarea-input uagb-forms-input\" rows=\"4\" placeholder=\"Mesaj\u0131n\u0131z\u0131 yaz\u0131n\u0131z...\" name=\"8e5c324c\" autocomplete=\"off\"><\/textarea><\/div>\n<div class=\"uagb-forms-form-hidden-data\"><input type=\"hidden\" class=\"uagb_forms_form_label\" value=\"Spectra Form\"\/><input type=\"hidden\" class=\"uagb_forms_form_id\" value=\"uagb-form-f40a49bc\"\/><\/div><div class=\"uagb-form-reacaptcha-error-f40a49bc\"><\/div><div class=\"uagb-forms-main-submit-button-wrap wp-block-button\"><button class=\"uagb-forms-main-submit-button wp-block-button__link\"><div class=\"uagb-forms-main-submit-button-text\">G\u00f6nder<\/div><\/button><\/div><\/form><div class=\"uagb-forms-success-message-f40a49bc uagb-forms-submit-message-hide\"><span>The form has been submitted successfully!<\/span><\/div><div class=\"uagb-forms-failed-message-f40a49bc uagb-forms-submit-message-hide\"><span>There has been some error while submitting the form. Please verify all form fields again.<\/span><\/div><\/div>\n<\/div>\n<\/div>\n<\/div><\/div>\n\n\n\n<div class=\"wp-block-uagb-container uagb-block-635421b6 alignfull uagb-is-root-container\"><div class=\"uagb-container-inner-blocks-wrap\">\n<div class=\"wp-block-uagb-container uagb-block-597f3809\">\n<div class=\"wp-block-uagb-image uagb-block-7d0289fa wp-block-uagb-image--layout-default wp-block-uagb-image--effect-static wp-block-uagb-image--align-none\"><figure class=\"wp-block-uagb-image__figure\"><img decoding=\"async\" srcset=\"http:\/\/mavi-koli.com\/wp-content\/uploads\/2022\/11\/cropped-icon-logo.jpeg \" src=\"http:\/\/mavi-koli.com\/wp-content\/uploads\/2022\/11\/cropped-icon-logo.jpeg\" alt=\"\" class=\"uag-image-673\" width=\"700\" height=\"500\" title=\"\" loading=\"lazy\"\/><\/figure><\/div>\n<\/div>\n\n\n\n<div class=\"wp-block-uagb-container uagb-block-ff025cf6\">\n<div class=\"wp-block-uagb-info-box uagb-block-48887e8f uagb-infobox__content-wrap  uagb-infobox-icon-above-title uagb-infobox-image-valign-top\"><div class=\"uagb-ifb-content\"><div class=\"uagb-ifb-title-wrap\"><span class=\"uagb-ifb-title-prefix\">\u00c7al\u0131\u015fma Saatlerimiz<br><br>Pazartesi-Cuma: 08:30-18:00<br>Cumartesi: 08:30-13:00<br><br>Adres: Alt\u0131ayak Mahallesi 8181. Sokak No:10 Kepez\/ANTALYA<br><br>Telefon Numaralar\u0131m\u0131z :<br><br>+90 (242) 502 25 42<br> +90 (534) 959 08 93  <br> <\/span><\/div><\/div><\/div>\n<\/div>\n<\/div><\/div>\n","protected":false},"excerpt":{"rendered":"","protected":false},"author":1,"featured_media":0,"parent":0,"menu_order":0,"comment_status":"closed","ping_status":"closed","template":"","meta":{"om_disable_all_campaigns":false,"_mi_skip_tracking":false,"site-sidebar-layout":"no-sidebar","site-content-layout":"plain-container","ast-global-header-display":"","ast-main-header-display":"","ast-hfb-above-header-display":"","ast-hfb-below-header-display":"","ast-hfb-mobile-header-display":"","site-post-title":"disabled","ast-breadcrumbs-content":"","ast-featured-img":"","footer-sml-layout":"disabled","theme-transparent-header-meta":"enabled","adv-header-id-meta":"","stick-header-meta":"","header-above-stick-meta":"","header-main-stick-meta":"","header-below-stick-meta":""},"aioseo_notices":[],"uagb_featured_image_src":{"full":false,"thumbnail":false,"medium":false,"medium_large":false,"large":false,"1536x1536":false,"2048x2048":false},"uagb_author_info":{"display_name":"\u0130BRAH\u0130M","author_link":"https:\/\/mavi-koli.com\/?author=1"},"uagb_comment_info":0,"uagb_excerpt":null,"_links":{"self":[{"href":"https:\/\/mavi-koli.com\/index.php?rest_route=\/wp\/v2\/pages\/362"}],"collection":[{"href":"https:\/\/mavi-koli.com\/index.php?rest_route=\/wp\/v2\/pages"}],"about":[{"href":"https:\/\/mavi-koli.com\/index.php?rest_route=\/wp\/v2\/types\/page"}],"author":[{"embeddable":true,"href":"https:\/\/mavi-koli.com\/index.php?rest_route=\/wp\/v2\/users\/1"}],"replies":[{"embeddable":true,"href":"https:\/\/mavi-koli.com\/index.php?rest_route=%2Fwp%2Fv2%2Fcomments&post=362"}],"version-history":[{"count":10,"href":"https:\/\/mavi-koli.com\/index.php?rest_route=\/wp\/v2\/pages\/362\/revisions"}],"predecessor-version":[{"id":776,"href":"https:\/\/mavi-koli.com\/index.php?rest_route=\/wp\/v2\/pages\/362\/revisions\/776"}],"wp:attachment":[{"href":"https:\/\/mavi-koli.com\/index.php?rest_route=%2Fwp%2Fv2%2Fmedia&parent=362"}],"curies":[{"name":"wp","href":"https:\/\/api.w.org\/{rel}","templated":true}]}}