{"id":361,"date":"2021-05-13T05:31:27","date_gmt":"2021-05-13T02:31:27","guid":{"rendered":"https:\/\/mavi-koli.com\/?page_id=361"},"modified":"2022-12-23T12:26:15","modified_gmt":"2022-12-23T09:26:15","slug":"hizmetlerimiz","status":"publish","type":"page","link":"https:\/\/mavi-koli.com\/?page_id=361","title":{"rendered":"Hizmetlerimiz"},"content":{"rendered":"\n<div class=\"wp-block-uagb-container uagb-block-64296b38 alignfull uagb-is-root-container\"><div class=\"uagb-container-inner-blocks-wrap\">\n<div class=\"wp-block-uagb-advanced-heading uagb-block-fdfc0b98\"><h1 class=\"uagb-heading-text\">Teklif almak i\u00e7in ula\u015fabilirsiniz..<\/h1><\/div>\n<\/div><\/div>\n\n\n\n<div class=\"wp-block-uagb-container uagb-block-c02c9cfe alignfull uagb-is-root-container\"><div class=\"uagb-container-inner-blocks-wrap\">\n<div class=\"wp-block-uagb-advanced-heading uagb-block-0a688a7e\"><h2 class=\"uagb-heading-text\">Size nas\u0131l yard\u0131mc\u0131 olabiliriz ?<\/h2><\/div>\n\n\n\n<div class=\"is-layout-flex wp-container-2 wp-block-columns\">\n<div class=\"is-layout-flow wp-block-column\" style=\"flex-basis:100%\">\n<div class=\"wp-block-uagb-container uagb-block-ece7cd2c\">\n<figure class=\"wp-block-image size-full is-resized\"><img decoding=\"async\" loading=\"lazy\" src=\"https:\/\/mavi-koli.com\/wp-content\/uploads\/2022\/11\/28x28x45cm-orta-boy-pizza-kutusu-2162-28-B-1.jpg\" alt=\"\" class=\"wp-image-702\" width=\"283\" height=\"283\" srcset=\"https:\/\/mavi-koli.com\/wp-content\/uploads\/2022\/11\/28x28x45cm-orta-boy-pizza-kutusu-2162-28-B-1.jpg 700w, https:\/\/mavi-koli.com\/wp-content\/uploads\/2022\/11\/28x28x45cm-orta-boy-pizza-kutusu-2162-28-B-1-300x300.jpg 300w, https:\/\/mavi-koli.com\/wp-content\/uploads\/2022\/11\/28x28x45cm-orta-boy-pizza-kutusu-2162-28-B-1-150x150.jpg 150w\" sizes=\"(max-width: 283px) 100vw, 283px\" \/><figcaption class=\"wp-element-caption\"><strong>Pizza Kutular\u0131<\/strong><\/figcaption><\/figure>\n\n\n\n<figure class=\"wp-block-image size-full is-resized\"><img decoding=\"async\" loading=\"lazy\" src=\"https:\/\/mavi-koli.com\/wp-content\/uploads\/2022\/11\/110000016187217-1.jpg\" alt=\"\" class=\"wp-image-699\" width=\"285\" height=\"285\" srcset=\"https:\/\/mavi-koli.com\/wp-content\/uploads\/2022\/11\/110000016187217-1.jpg 375w, https:\/\/mavi-koli.com\/wp-content\/uploads\/2022\/11\/110000016187217-1-300x300.jpg 300w, https:\/\/mavi-koli.com\/wp-content\/uploads\/2022\/11\/110000016187217-1-150x150.jpg 150w\" sizes=\"(max-width: 285px) 100vw, 285px\" \/><figcaption class=\"wp-element-caption\"><strong>Ta\u015f\u0131ma Kolileri<\/strong><\/figcaption><\/figure>\n\n\n\n<figure class=\"wp-block-image size-full is-resized\"><img decoding=\"async\" loading=\"lazy\" src=\"https:\/\/mavi-koli.com\/wp-content\/uploads\/2022\/11\/hediye-kutusu.jpg\" alt=\"\" class=\"wp-image-703\" width=\"280\" height=\"280\" srcset=\"https:\/\/mavi-koli.com\/wp-content\/uploads\/2022\/11\/hediye-kutusu.jpg 300w, https:\/\/mavi-koli.com\/wp-content\/uploads\/2022\/11\/hediye-kutusu-150x150.jpg 150w\" sizes=\"(max-width: 280px) 100vw, 280px\" \/><figcaption class=\"wp-element-caption\"><strong>Hediyelik E\u015fya Kutular\u0131<\/strong><\/figcaption><\/figure>\n<\/div>\n<\/div>\n<\/div>\n\n\n\n<div class=\"wp-block-uagb-container uagb-block-18f210fe\">\n<div class=\"wp-block-uagb-info-box uagb-block-d4c54887 uagb-infobox__content-wrap  uagb-infobox-icon-above-title uagb-infobox-image-valign-top\"><div class=\"uagb-ifb-content\"><div class=\"uagb-ifb-image-content\"><img decoding=\"async\" src=\"https:\/\/mavi-koli.com\/wp-content\/uploads\/sites\/852\/2021\/05\/remodeling-services\u200b.jpg\" alt=\"\" width=\"\" height=\"0\" loading=\"lazy\"\/><\/div><div class=\"uagb-ifb-title-wrap\"><h4 class=\"uagb-ifb-title\">Di\u011fer Hizmetlerimiz<\/h4><\/div><\/div><\/div>\n\n\n\n<figure class=\"wp-block-image size-full is-resized\"><img decoding=\"async\" loading=\"lazy\" src=\"http:\/\/mavi-koli.com\/wp-content\/uploads\/2022\/12\/format_webp.webp\" alt=\"\" class=\"wp-image-748\" width=\"409\" height=\"409\" srcset=\"https:\/\/mavi-koli.com\/wp-content\/uploads\/2022\/12\/format_webp.webp 550w, https:\/\/mavi-koli.com\/wp-content\/uploads\/2022\/12\/format_webp-300x300.webp 300w, https:\/\/mavi-koli.com\/wp-content\/uploads\/2022\/12\/format_webp-150x150.webp 150w\" sizes=\"(max-width: 409px) 100vw, 409px\" \/><figcaption class=\"wp-element-caption\"><strong>K\u00f6\u015febent<\/strong><\/figcaption><\/figure>\n\n\n\n<figure class=\"wp-block-image size-full is-resized\"><img decoding=\"async\" loading=\"lazy\" src=\"https:\/\/mavi-koli.com\/wp-content\/uploads\/2022\/11\/koli-bandi.jpg\" alt=\"\" class=\"wp-image-705\" width=\"403\" height=\"403\" srcset=\"https:\/\/mavi-koli.com\/wp-content\/uploads\/2022\/11\/koli-bandi.jpg 375w, https:\/\/mavi-koli.com\/wp-content\/uploads\/2022\/11\/koli-bandi-300x300.jpg 300w, https:\/\/mavi-koli.com\/wp-content\/uploads\/2022\/11\/koli-bandi-150x150.jpg 150w\" sizes=\"(max-width: 403px) 100vw, 403px\" \/><figcaption class=\"wp-element-caption\"><strong>Koli Band\u0131<\/strong><\/figcaption><\/figure>\n\n\n\n<figure class=\"wp-block-image size-full is-resized\"><img decoding=\"async\" loading=\"lazy\" src=\"https:\/\/mavi-koli.com\/wp-content\/uploads\/2022\/11\/islak-mendil.jpg\" alt=\"\" class=\"wp-image-704\" width=\"400\" height=\"400\" srcset=\"https:\/\/mavi-koli.com\/wp-content\/uploads\/2022\/11\/islak-mendil.jpg 375w, https:\/\/mavi-koli.com\/wp-content\/uploads\/2022\/11\/islak-mendil-300x300.jpg 300w, https:\/\/mavi-koli.com\/wp-content\/uploads\/2022\/11\/islak-mendil-150x150.jpg 150w\" sizes=\"(max-width: 400px) 100vw, 400px\" \/><figcaption class=\"wp-element-caption\"><strong>Islak Mendil<\/strong><\/figcaption><\/figure>\n<\/div>\n<\/div><\/div>\n\n\n\n<figure class=\"wp-block-image aligncenter size-full is-resized\"><img decoding=\"async\" loading=\"lazy\" src=\"https:\/\/mavi-koli.com\/wp-content\/uploads\/2022\/11\/ambalaj-malz-1.jpeg\" alt=\"\" class=\"wp-image-710\" width=\"667\" height=\"358\" srcset=\"https:\/\/mavi-koli.com\/wp-content\/uploads\/2022\/11\/ambalaj-malz-1.jpeg 768w, https:\/\/mavi-koli.com\/wp-content\/uploads\/2022\/11\/ambalaj-malz-1-300x161.jpeg 300w\" sizes=\"(max-width: 667px) 100vw, 667px\" \/><\/figure>\n","protected":false},"excerpt":{"rendered":"","protected":false},"author":1,"featured_media":0,"parent":0,"menu_order":0,"comment_status":"closed","ping_status":"closed","template":"","meta":{"om_disable_all_campaigns":false,"_mi_skip_tracking":false,"site-sidebar-layout":"no-sidebar","site-content-layout":"plain-container","ast-global-header-display":"","ast-main-header-display":"","ast-hfb-above-header-display":"","ast-hfb-below-header-display":"","ast-hfb-mobile-header-display":"","site-post-title":"disabled","ast-breadcrumbs-content":"","ast-featured-img":"","footer-sml-layout":"disabled","theme-transparent-header-meta":"enabled","adv-header-id-meta":"","stick-header-meta":"","header-above-stick-meta":"","header-main-stick-meta":"","header-below-stick-meta":""},"aioseo_notices":[],"uagb_featured_image_src":{"full":false,"thumbnail":false,"medium":false,"medium_large":false,"large":false,"1536x1536":false,"2048x2048":false},"uagb_author_info":{"display_name":"\u0130BRAH\u0130M","author_link":"https:\/\/mavi-koli.com\/?author=1"},"uagb_comment_info":0,"uagb_excerpt":null,"_links":{"self":[{"href":"https:\/\/mavi-koli.com\/index.php?rest_route=\/wp\/v2\/pages\/361"}],"collection":[{"href":"https:\/\/mavi-koli.com\/index.php?rest_route=\/wp\/v2\/pages"}],"about":[{"href":"https:\/\/mavi-koli.com\/index.php?rest_route=\/wp\/v2\/types\/page"}],"author":[{"embeddable":true,"href":"https:\/\/mavi-koli.com\/index.php?rest_route=\/wp\/v2\/users\/1"}],"replies":[{"embeddable":true,"href":"https:\/\/mavi-koli.com\/index.php?rest_route=%2Fwp%2Fv2%2Fcomments&post=361"}],"version-history":[{"count":14,"href":"https:\/\/mavi-koli.com\/index.php?rest_route=\/wp\/v2\/pages\/361\/revisions"}],"predecessor-version":[{"id":752,"href":"https:\/\/mavi-koli.com\/index.php?rest_route=\/wp\/v2\/pages\/361\/revisions\/752"}],"wp:attachment":[{"href":"https:\/\/mavi-koli.com\/index.php?rest_route=%2Fwp%2Fv2%2Fmedia&parent=361"}],"curies":[{"name":"wp","href":"https:\/\/api.w.org\/{rel}","templated":true}]}}