{"id":359,"date":"2021-05-13T05:31:27","date_gmt":"2021-05-13T02:31:27","guid":{"rendered":"https:\/\/mavi-koli.com\/?page_id=359"},"modified":"2023-09-21T10:48:38","modified_gmt":"2023-09-21T07:48:38","slug":"anasayfa","status":"publish","type":"page","link":"https:\/\/mavi-koli.com\/","title":{"rendered":"Anasayfa"},"content":{"rendered":"\t\t<div data-elementor-type=\"wp-page\" data-elementor-id=\"359\" class=\"elementor elementor-359\">\n\t\t\t\t\t\t\t\t\t<section class=\"elementor-section elementor-top-section elementor-element elementor-element-4125b9da elementor-section-boxed elementor-section-height-default elementor-section-height-default\" data-id=\"4125b9da\" data-element_type=\"section\">\n\t\t\t\t\t\t<div class=\"elementor-container elementor-column-gap-default\">\n\t\t\t\t\t<div class=\"elementor-column elementor-col-100 elementor-top-column elementor-element elementor-element-7a0083d2\" data-id=\"7a0083d2\" data-element_type=\"column\">\n\t\t\t<div class=\"elementor-widget-wrap elementor-element-populated\">\n\t\t\t\t\t\t\t\t<div class=\"elementor-element elementor-element-6733a042 elementor-widget elementor-widget-text-editor\" data-id=\"6733a042\" data-element_type=\"widget\" data-widget_type=\"text-editor.default\">\n\t\t\t\t<div class=\"elementor-widget-container\">\n\t\t\t<style>\/*! elementor - v3.8.1 - 13-11-2022 *\/\n.elementor-widget-text-editor.elementor-drop-cap-view-stacked .elementor-drop-cap{background-color:#818a91;color:#fff}.elementor-widget-text-editor.elementor-drop-cap-view-framed .elementor-drop-cap{color:#818a91;border:3px solid;background-color:transparent}.elementor-widget-text-editor:not(.elementor-drop-cap-view-default) .elementor-drop-cap{margin-top:8px}.elementor-widget-text-editor:not(.elementor-drop-cap-view-default) .elementor-drop-cap-letter{width:1em;height:1em}.elementor-widget-text-editor .elementor-drop-cap{float:left;text-align:center;line-height:1;font-size:50px}.elementor-widget-text-editor .elementor-drop-cap-letter{display:inline-block}<\/style>\t\t\t\t<!-- wp:uagb\/container {\"block_id\":\"75216379\",\"innerContentCustomWidthDesktop\":867,\"directionDesktop\":\"row\",\"justifyContentDesktop\":\"space-between\",\"backgroundType\":\"image\",\"backgroundImageDesktop\":{\"uploading\":false,\"date\":1663640544000,\"filename\":\"graphic-1.png\",\"menuOrder\":0,\"uploadedTo\":352,\"type\":\"image\",\"subtype\":\"png\",\"id\":358,\"title\":\"graphic-1\",\"url\":\"http:\/\/mavi-koli.com\/wp-content\/uploads\/2022\/09\/graphic-1.png\",\"link\":\"https:\/\/mavi-koli.com\/?attachment_id=358\",\"alt\":\"\",\"author\":\"170\",\"description\":\"\",\"caption\":\"\",\"name\":\"graphic-1\",\"status\":\"inherit\",\"modified\":1663640544000,\"mime\":\"image\/png\",\"icon\":\"http:\/\/mavi-koli.com\/wp-content\/uploads\/2022\/11\/default.png\",\"dateFormatted\":\"September 20, 2022\",\"nonces\":{\"update\":\"522b0117be\",\"delete\":\"a726fab6d0\",\"edit\":\"bb415f791f\"},\"editLink\":\"https:\/\/mavi-koli.com\/wp-admin\/post.php?post=358u0026action=edit\",\"meta\":false,\"authorName\":\"kalpeshb\",\"authorLink\":\"https:\/\/mavi-koli.com\/wp-admin\/profile.php\",\"uploadedToTitle\":\"Home\",\"uploadedToLink\":\"https:\/\/mavi-koli.com\/wp-admin\/post.php?post=352u0026action=edit\",\"filesizeInBytes\":4489,\"filesizeHumanReadable\":\"4 KB\",\"context\":\"\",\"height\":500,\"width\":500,\"orientation\":\"landscape\",\"sizes\":{\"thumbnail\":{\"height\":150,\"width\":150,\"url\":\"https:\/\/websitedemos.net\/local-business-08\/wp-content\/uploads\/sites\/852\/2022\/09\/graphic-1-150x150.png\",\"orientation\":\"landscape\"},\"medium\":{\"height\":300,\"width\":300,\"url\":\"https:\/\/websitedemos.net\/local-business-08\/wp-content\/uploads\/sites\/852\/2022\/09\/graphic-1-300x300.png\",\"orientation\":\"landscape\"},\"full\":{\"url\":\"http:\/\/mavi-koli.com\/wp-content\/uploads\/2022\/09\/graphic-1.png\",\"height\":500,\"width\":500,\"orientation\":\"landscape\"}},\"compat\":{\"item\":\"\",\"meta\":\"\"}},\"backgroundPositionDesktop\":{\"x\":0.47,\"y\":0.91},\"backgroundSizeDesktop\":\"custom\",\"backgroundImageColor\":\"rgba(15,87,251,0.87)\",\"boxShadowVOffset\":20,\"boxShadowBlur\":30,\"boxShadowSpread\":0,\"boxShadowPosition\":\"inset\",\"topPaddingDesktop\":200,\"topPaddingTablet\":150,\"leftPaddingTablet\":30,\"rightPaddingTablet\":30,\"topPaddingMobile\":150,\"bottomPaddingMobile\":0,\"leftPaddingMobile\":30,\"rightPaddingMobile\":30,\"paddingLink\":false,\"variationSelected\":true,\"rowGapMobile\":60,\"columnGapDesktop\":0,\"columnGapTablet\":20,\"columnGapMobile\":0,\"isBlockRootParent\":true,\"overlayType\":\"color\"} -->\n<div class=\"wp-block-uagb-container uagb-block-75216379 alignfull uagb-is-root-container\">\n<div class=\"uagb-container-inner-blocks-wrap\"><!-- wp:uagb\/container {\"block_id\":\"5b77b1d4\",\"widthDesktop\":50,\"topPaddingDesktop\":50,\"rightPaddingDesktop\":50,\"topPaddingTablet\":10,\"paddingLink\":false,\"variationSelected\":true,\"widthSetByUser\":true} -->\n<div class=\"wp-block-uagb-container uagb-block-5b77b1d4\"><!-- wp:uagb\/info-box {\"classMigrate\":true,\"headingColor\":\"var(u002du002dast-global-color-5)\",\"subHeadingColor\":\"var(u002du002dast-global-color-4)\",\"icon\":\"box-open\",\"headingTag\":\"h1\",\"subHeadFontSize\":18,\"headSpace\":20,\"subHeadSpace\":40,\"block_id\":\"04e00fbc\",\"ctaIcon\":\"arrow-right\",\"ctaIconSpace\":20,\"ctaText\":\"\",\"ctaLink\":\"#\",\"ctaBtnLinkColor\":\"var(u002du002dast-global-color-0)\",\"ctaLinkHoverColor\":\"var(u002du002dast-global-color-0)\",\"ctaBgColor\":\"var(u002du002dast-global-color-5)\",\"ctaBgHoverColor\":\"var(u002du002dast-global-color-4)\",\"ctaBorderColor\":\"\",\"ctaBorderStyle\":\"\",\"ctaBorderWidth\":\"\",\"ctaBorderRadius\":\"\",\"iconImage\":{\"url\":\"\",\"alt\":\"InfoBox placeholder img\"},\"paddingBtnTop\":17,\"paddingBtnBottom\":17,\"paddingBtnLeft\":24,\"paddingBtnRight\":24,\"subHeadMarginTopTablet\":0,\"subHeadMarginRightTablet\":20,\"subHeadTabletSpace\":40,\"subHeadMarginLeftTablet\":0,\"subHeadMarginTopMobile\":0,\"subHeadMarginRightMobile\":0,\"subHeadMobileSpace\":40,\"subHeadMarginLeftMobile\":0,\"btnBorderTopWidth\":1,\"btnBorderLeftWidth\":1,\"btnBorderRightWidth\":1,\"btnBorderBottomWidth\":1,\"btnBorderTopLeftRadius\":3,\"btnBorderTopRightRadius\":3,\"btnBorderBottomLeftRadius\":3,\"btnBorderBottomRightRadius\":3,\"btnBorderStyle\":\"none\",\"btnBorderColor\":\"#333\"} -->\n<div id=\"\/ileti\u015fim\" class=\"wp-block-uagb-info-box uagb-block-04e00fbc uagb-infobox__content-wrap  uagb-infobox-icon-above-title uagb-infobox-image-valign-top\">\n<div class=\"uagb-ifb-content\">\n<div class=\"uagb-ifb-icon-wrap\">\u00a0<\/div>\n<div class=\"uagb-ifb-title-wrap\">\n<h1 class=\"uagb-ifb-title\">\u00c7\u00f6z\u00fcm orta\u011f\u0131n\u0131z..<\/h1>\n<\/div>\n<\/div>\n<\/div>\n<!-- \/wp:uagb\/info-box --><\/div>\n<!-- \/wp:uagb\/container --><!-- wp:uagb\/container {\"block_id\":\"bc23cc5b\",\"widthDesktop\":50,\"leftPaddingDesktop\":40,\"paddingLink\":false,\"variationSelected\":true,\"widthSetByUser\":true} -->\n<div class=\"wp-block-uagb-container uagb-block-bc23cc5b\"><!-- wp:uagb\/image {\"block_id\":\"1fc7ff7c\",\"layout\":\"overlay\",\"url\":\"http:\/\/mavi-koli.com\/wp-content\/uploads\/2022\/11\/0004_karton-koli-1024x1024.jpg\",\"align\":\"left\",\"id\":717,\"linkDestination\":\"none\",\"width\":454,\"height\":454,\"naturalWidth\":1024,\"naturalHeight\":1024,\"sizeSlug\":\"large\",\"sizeSlugTablet\":\"large\",\"sizeSlugMobile\":\"large\"} -->\n<div class=\"wp-block-uagb-image uagb-block-1fc7ff7c wp-block-uagb-image--layout-overlay wp-block-uagb-image--effect-static wp-block-uagb-image--align-left\">\n<figure class=\"wp-block-uagb-image__figure\"><img decoding=\"async\" loading=\"lazy\" class=\"uag-image-717\" title=\"\" src=\"http:\/\/mavi-koli.com\/wp-content\/uploads\/2022\/11\/0004_karton-koli-1024x1024.jpg\" srcset=\"http:\/\/mavi-koli.com\/wp-content\/uploads\/2022\/11\/0004_karton-koli-1024x1024.jpg \" alt=\"\" width=\"454\" height=\"454\" \/>\n<div class=\"wp-block-uagb-image--layout-overlay__color-wrapper\">\u00a0<\/div>\n<div class=\"wp-block-uagb-image--layout-overlay__inner center-center\">\u00a0<\/div>\n<\/figure>\n<\/div>\n<!-- \/wp:uagb\/image --><\/div>\n<!-- \/wp:uagb\/container --><\/div>\n<\/div>\n<!-- \/wp:uagb\/container --><!-- wp:uagb\/container {\"block_id\":\"126f2d9f\",\"directionDesktop\":\"row\",\"topPaddingDesktop\":100,\"topPaddingTablet\":80,\"leftPaddingTablet\":30,\"rightPaddingTablet\":30,\"topPaddingMobile\":80,\"leftPaddingMobile\":30,\"rightPaddingMobile\":30,\"paddingLink\":false,\"variationSelected\":true,\"rowGapMobile\":30,\"columnGapDesktop\":0,\"isBlockRootParent\":true} -->\n<div id=\"-H\u0130ZMETLER\u0130M\u0130Z\" class=\"wp-block-uagb-container uagb-block-126f2d9f alignfull uagb-is-root-container\">\n<div class=\"uagb-container-inner-blocks-wrap\"><!-- wp:uagb\/container {\"block_id\":\"af200be5\",\"widthDesktop\":45,\"variationSelected\":true,\"widthSetByUser\":true} -->\n<div class=\"wp-block-uagb-container uagb-block-af200be5\">\u00a0<\/div>\n<!-- \/wp:uagb\/container --><\/div>\n<\/div>\n<!-- \/wp:uagb\/container --><!-- wp:uagb\/container {\"block_id\":\"6fbd4807\",\"innerContentCustomWidthDesktop\":1240,\"topPaddingDesktop\":100,\"bottomPaddingDesktop\":100,\"topPaddingTablet\":80,\"bottomPaddingTablet\":80,\"leftPaddingTablet\":20,\"rightPaddingTablet\":20,\"topPaddingMobile\":80,\"bottomPaddingMobile\":80,\"leftPaddingMobile\":20,\"rightPaddingMobile\":20,\"paddingLink\":false,\"variationSelected\":true,\"isBlockRootParent\":true} -->\n<div class=\"wp-block-uagb-container uagb-block-6fbd4807 alignfull uagb-is-root-container\">\n<div class=\"uagb-container-inner-blocks-wrap\"><!-- wp:uagb\/advanced-heading {\"block_id\":\"1ec2ee0a\",\"classMigrate\":true,\"headSpace\":0} -->\n<div class=\"wp-block-uagb-advanced-heading uagb-block-1ec2ee0a\">\n<h2 class=\"uagb-heading-text\">Hizmetlerimiz<\/h2>\n<\/div>\n<!-- \/wp:uagb\/advanced-heading --><!-- wp:uagb\/container {\"block_id\":\"21fcd366\",\"directionDesktop\":\"row\",\"alignItemsDesktop\":\"flex-start\",\"topMarginDesktop\":20,\"bottomMarginDesktop\":0,\"leftMarginDesktop\":0,\"rightMarginDesktop\":0,\"topMarginMobile\":20,\"bottomMarginMobile\":0,\"leftMarginMobile\":0,\"rightMarginMobile\":0,\"marginLink\":false,\"variationSelected\":true,\"rowGapMobile\":30,\"columnGapDesktop\":0} -->\n<div class=\"wp-block-uagb-container uagb-block-21fcd366\"><!-- wp:uagb\/info-box {\"classMigrate\":true,\"headingAlign\":\"left\",\"headingColor\":\"\",\"subHeadingColor\":\"\",\"headingTag\":\"h4\",\"headSpace\":20,\"iconimgBorderRadius\":7,\"source_type\":\"image\",\"block_id\":\"4753794f\",\"ctaBorderColor\":\"\",\"ctaBorderStyle\":\"\",\"ctaBorderWidth\":\"\",\"ctaBorderRadius\":\"\",\"iconBottomMargin\":0,\"iconImage\":{\"id\":595,\"title\":\"47-34-8cm-kraft-kutu-2035-60-B\",\"filename\":\"47-34-8cm-kraft-kutu-2035-60-B.jpg\",\"url\":\"http:\/\/mavi-koli.com\/wp-content\/uploads\/2022\/11\/47-34-8cm-kraft-kutu-2035-60-B.jpg\",\"link\":\"https:\/\/mavi-koli.com\/?attachment_id=595\",\"alt\":\"\",\"author\":\"1\",\"description\":\"\",\"caption\":\"\",\"name\":\"47-34-8cm-kraft-kutu-2035-60-b\",\"status\":\"inherit\",\"uploadedTo\":359,\"date\":\"2022-11-23T12:59:37.000Z\",\"modified\":\"2022-11-23T12:59:37.000Z\",\"menuOrder\":0,\"mime\":\"image\/jpeg\",\"type\":\"image\",\"subtype\":\"jpeg\",\"icon\":\"https:\/\/mavi-koli.com\/wp-includes\/images\/media\/default.png\",\"dateFormatted\":\"23 Kas\u0131m 2022\",\"nonces\":{\"update\":\"2723d3cd35\",\"delete\":\"8154d9ee1b\",\"edit\":\"42a42d8ab3\"},\"editLink\":\"https:\/\/mavi-koli.com\/wp-admin\/post.php?post=595\\u0026action=edit\",\"meta\":false,\"authorName\":\"sukruozbek9@gmail.com\",\"authorLink\":\"https:\/\/mavi-koli.com\/wp-admin\/profile.php\",\"uploadedToTitle\":\"Anasayfa\",\"uploadedToLink\":\"https:\/\/mavi-koli.com\/wp-admin\/post.php?post=359\\u0026action=edit\",\"filesizeInBytes\":13093,\"filesizeHumanReadable\":\"13 KB\",\"context\":\"\",\"height\":500,\"width\":500,\"orientation\":\"landscape\",\"sizes\":{\"thumbnail\":{\"height\":150,\"width\":150,\"url\":\"http:\/\/mavi-koli.com\/wp-content\/uploads\/2022\/11\/47-34-8cm-kraft-kutu-2035-60-B-150x150.jpg\",\"orientation\":\"landscape\"},\"medium\":{\"height\":300,\"width\":300,\"url\":\"http:\/\/mavi-koli.com\/wp-content\/uploads\/2022\/11\/47-34-8cm-kraft-kutu-2035-60-B-300x300.jpg\",\"orientation\":\"landscape\"},\"full\":{\"url\":\"http:\/\/mavi-koli.com\/wp-content\/uploads\/2022\/11\/47-34-8cm-kraft-kutu-2035-60-B.jpg\",\"height\":500,\"width\":500,\"orientation\":\"landscape\"}},\"compat\":{\"item\":\"\",\"meta\":\"\"}},\"imageSize\":\"full\",\"paddingBtnTop\":10,\"paddingBtnBottom\":10,\"paddingBtnLeft\":14,\"paddingBtnRight\":14,\"headTopMargin\":30,\"headRightMargin\":0,\"headLeftMargin\":0,\"blockTopPadding\":20,\"blockRightPadding\":20,\"blockLeftPadding\":20,\"blockBottomPadding\":20,\"blockTopPaddingTablet\":10,\"blockRightPaddingTablet\":10,\"blockLeftPaddingTablet\":10,\"blockBottomPaddingTablet\":10,\"blockTopPaddingMobile\":10,\"blockRightPaddingMobile\":10,\"blockLeftPaddingMobile\":10,\"blockBottomPaddingMobile\":10,\"subHeadMobileSpace\":0,\"imgTagWidth\":500,\"btnBorderTopWidth\":1,\"btnBorderLeftWidth\":1,\"btnBorderRightWidth\":1,\"btnBorderBottomWidth\":1,\"btnBorderTopLeftRadius\":0,\"btnBorderTopRightRadius\":0,\"btnBorderBottomLeftRadius\":0,\"btnBorderBottomRightRadius\":0,\"btnBorderStyle\":\"solid\",\"btnBorderColor\":\"#333\"} -->\n<div class=\"wp-block-uagb-info-box uagb-block-4753794f uagb-infobox__content-wrap  uagb-infobox-icon-above-title uagb-infobox-image-valign-top\">\n<div class=\"uagb-ifb-content\">\n<div class=\"uagb-ifb-image-content\"><img decoding=\"async\" loading=\"lazy\" src=\"http:\/\/mavi-koli.com\/wp-content\/uploads\/2022\/11\/47-34-8cm-kraft-kutu-2035-60-B.jpg\" alt=\"\" width=\"\" height=\"0\" \/><\/div>\n<div class=\"uagb-ifb-title-wrap\">\n<h4 class=\"uagb-ifb-title\">G\u0131da Kutular\u0131<\/h4>\n<\/div>\n<\/div>\n<\/div>\n<!-- \/wp:uagb\/info-box --><!-- wp:uagb\/info-box {\"classMigrate\":true,\"headingAlign\":\"left\",\"headingColor\":\"\",\"subHeadingColor\":\"\",\"headingTag\":\"h4\",\"headSpace\":20,\"iconimgBorderRadius\":7,\"source_type\":\"image\",\"block_id\":\"e54cee9d\",\"ctaBorderColor\":\"\",\"ctaBorderStyle\":\"\",\"ctaBorderWidth\":\"\",\"ctaBorderRadius\":\"\",\"iconBottomMargin\":0,\"iconImage\":{\"id\":596,\"title\":\"110000016187217\",\"filename\":\"110000016187217.jpg\",\"url\":\"http:\/\/mavi-koli.com\/wp-content\/uploads\/2022\/11\/110000016187217.jpg\",\"link\":\"https:\/\/mavi-koli.com\/?attachment_id=596\",\"alt\":\"\",\"author\":\"1\",\"description\":\"\",\"caption\":\"\",\"name\":\"110000016187217\",\"status\":\"inherit\",\"uploadedTo\":359,\"date\":\"2022-11-23T13:00:06.000Z\",\"modified\":\"2022-11-23T13:00:06.000Z\",\"menuOrder\":0,\"mime\":\"image\/jpeg\",\"type\":\"image\",\"subtype\":\"jpeg\",\"icon\":\"https:\/\/mavi-koli.com\/wp-includes\/images\/media\/default.png\",\"dateFormatted\":\"23 Kas\u0131m 2022\",\"nonces\":{\"update\":\"8e72fdfa8e\",\"delete\":\"7e2edf0a5c\",\"edit\":\"328ae59992\"},\"editLink\":\"https:\/\/mavi-koli.com\/wp-admin\/post.php?post=596\\u0026action=edit\",\"meta\":false,\"authorName\":\"sukruozbek9@gmail.com\",\"authorLink\":\"https:\/\/mavi-koli.com\/wp-admin\/profile.php\",\"uploadedToTitle\":\"Anasayfa\",\"uploadedToLink\":\"https:\/\/mavi-koli.com\/wp-admin\/post.php?post=359\\u0026action=edit\",\"filesizeInBytes\":14309,\"filesizeHumanReadable\":\"14 KB\",\"context\":\"\",\"height\":375,\"width\":375,\"orientation\":\"landscape\",\"sizes\":{\"thumbnail\":{\"height\":150,\"width\":150,\"url\":\"http:\/\/mavi-koli.com\/wp-content\/uploads\/2022\/11\/110000016187217-150x150.jpg\",\"orientation\":\"landscape\"},\"medium\":{\"height\":300,\"width\":300,\"url\":\"http:\/\/mavi-koli.com\/wp-content\/uploads\/2022\/11\/110000016187217-300x300.jpg\",\"orientation\":\"landscape\"},\"full\":{\"url\":\"http:\/\/mavi-koli.com\/wp-content\/uploads\/2022\/11\/110000016187217.jpg\",\"height\":375,\"width\":375,\"orientation\":\"landscape\"}},\"compat\":{\"item\":\"\",\"meta\":\"\"}},\"imageSize\":\"full\",\"paddingBtnTop\":10,\"paddingBtnBottom\":10,\"paddingBtnLeft\":14,\"paddingBtnRight\":14,\"headTopMargin\":30,\"headRightMargin\":0,\"headLeftMargin\":0,\"blockTopPadding\":20,\"blockRightPadding\":20,\"blockLeftPadding\":20,\"blockBottomPadding\":20,\"blockTopPaddingTablet\":10,\"blockRightPaddingTablet\":10,\"blockLeftPaddingTablet\":10,\"blockBottomPaddingTablet\":10,\"blockTopPaddingMobile\":10,\"blockRightPaddingMobile\":10,\"blockLeftPaddingMobile\":10,\"blockBottomPaddingMobile\":10,\"subHeadMobileSpace\":0,\"imgTagWidth\":375,\"btnBorderTopWidth\":1,\"btnBorderLeftWidth\":1,\"btnBorderRightWidth\":1,\"btnBorderBottomWidth\":1,\"btnBorderTopLeftRadius\":0,\"btnBorderTopRightRadius\":0,\"btnBorderBottomLeftRadius\":0,\"btnBorderBottomRightRadius\":0,\"btnBorderStyle\":\"solid\",\"btnBorderColor\":\"#333\"} -->\n<div class=\"wp-block-uagb-info-box uagb-block-e54cee9d uagb-infobox__content-wrap  uagb-infobox-icon-above-title uagb-infobox-image-valign-top\">\n<div class=\"uagb-ifb-content\">\n<div class=\"uagb-ifb-image-content\"><img decoding=\"async\" loading=\"lazy\" src=\"http:\/\/mavi-koli.com\/wp-content\/uploads\/2022\/11\/110000016187217.jpg\" alt=\"\" width=\"\" height=\"0\" \/><\/div>\n<div class=\"uagb-ifb-title-wrap\">\n<h4 class=\"uagb-ifb-title\">A Box Koliler<\/h4>\n<\/div>\n<\/div>\n<\/div>\n<!-- \/wp:uagb\/info-box --><!-- wp:uagb\/info-box {\"classMigrate\":true,\"headingAlign\":\"left\",\"headingColor\":\"\",\"subHeadingColor\":\"\",\"headingTag\":\"h4\",\"headSpace\":20,\"iconimgBorderRadius\":7,\"source_type\":\"image\",\"block_id\":\"7c7f030f\",\"ctaBorderColor\":\"\",\"ctaBorderStyle\":\"\",\"ctaBorderWidth\":\"\",\"ctaBorderRadius\":\"\",\"iconBottomMargin\":0,\"iconImage\":{\"id\":597,\"title\":\"kraftkutu-11-550x550\",\"filename\":\"kraftkutu-11-550x550-1.jpg\",\"url\":\"http:\/\/mavi-koli.com\/wp-content\/uploads\/2022\/11\/kraftkutu-11-550x550-1.jpg\",\"link\":\"https:\/\/mavi-koli.com\/?attachment_id=597\",\"alt\":\"\",\"author\":\"1\",\"description\":\"\",\"caption\":\"\",\"name\":\"kraftkutu-11-550x550\",\"status\":\"inherit\",\"uploadedTo\":359,\"date\":\"2022-11-23T13:00:37.000Z\",\"modified\":\"2022-11-23T13:00:37.000Z\",\"menuOrder\":0,\"mime\":\"image\/jpeg\",\"type\":\"image\",\"subtype\":\"jpeg\",\"icon\":\"https:\/\/mavi-koli.com\/wp-includes\/images\/media\/default.png\",\"dateFormatted\":\"23 Kas\u0131m 2022\",\"nonces\":{\"update\":\"7645a7ffc2\",\"delete\":\"40757ef720\",\"edit\":\"7faa3949fa\"},\"editLink\":\"https:\/\/mavi-koli.com\/wp-admin\/post.php?post=597\\u0026action=edit\",\"meta\":false,\"authorName\":\"sukruozbek9@gmail.com\",\"authorLink\":\"https:\/\/mavi-koli.com\/wp-admin\/profile.php\",\"uploadedToTitle\":\"Anasayfa\",\"uploadedToLink\":\"https:\/\/mavi-koli.com\/wp-admin\/post.php?post=359\\u0026action=edit\",\"filesizeInBytes\":124985,\"filesizeHumanReadable\":\"122 KB\",\"context\":\"\",\"height\":550,\"width\":550,\"orientation\":\"landscape\",\"sizes\":{\"thumbnail\":{\"height\":150,\"width\":150,\"url\":\"http:\/\/mavi-koli.com\/wp-content\/uploads\/2022\/11\/kraftkutu-11-550x550-1-150x150.jpg\",\"orientation\":\"landscape\"},\"medium\":{\"height\":300,\"width\":300,\"url\":\"http:\/\/mavi-koli.com\/wp-content\/uploads\/2022\/11\/kraftkutu-11-550x550-1-300x300.jpg\",\"orientation\":\"landscape\"},\"full\":{\"url\":\"http:\/\/mavi-koli.com\/wp-content\/uploads\/2022\/11\/kraftkutu-11-550x550-1.jpg\",\"height\":550,\"width\":550,\"orientation\":\"landscape\"}},\"compat\":{\"item\":\"\",\"meta\":\"\"}},\"imageSize\":\"full\",\"paddingBtnTop\":10,\"paddingBtnBottom\":10,\"paddingBtnLeft\":14,\"paddingBtnRight\":14,\"headTopMargin\":30,\"headRightMargin\":0,\"headLeftMargin\":0,\"blockTopPadding\":20,\"blockRightPadding\":20,\"blockLeftPadding\":20,\"blockBottomPadding\":20,\"blockTopPaddingTablet\":10,\"blockRightPaddingTablet\":10,\"blockLeftPaddingTablet\":10,\"blockBottomPaddingTablet\":10,\"blockTopPaddingMobile\":10,\"blockRightPaddingMobile\":10,\"blockLeftPaddingMobile\":10,\"blockBottomPaddingMobile\":10,\"subHeadMobileSpace\":0,\"imgTagWidth\":550,\"btnBorderTopWidth\":1,\"btnBorderLeftWidth\":1,\"btnBorderRightWidth\":1,\"btnBorderBottomWidth\":1,\"btnBorderTopLeftRadius\":0,\"btnBorderTopRightRadius\":0,\"btnBorderBottomLeftRadius\":0,\"btnBorderBottomRightRadius\":0,\"btnBorderStyle\":\"solid\",\"btnBorderColor\":\"#333\"} -->\n<div class=\"wp-block-uagb-info-box uagb-block-7c7f030f uagb-infobox__content-wrap  uagb-infobox-icon-above-title uagb-infobox-image-valign-top\">\n<div class=\"uagb-ifb-content\">\n<div class=\"uagb-ifb-image-content\"><img decoding=\"async\" loading=\"lazy\" src=\"http:\/\/mavi-koli.com\/wp-content\/uploads\/2022\/11\/kraftkutu-11-550x550-1.jpg\" alt=\"\" width=\"\" height=\"0\" \/><\/div>\n<div class=\"uagb-ifb-title-wrap\">\n<h4 class=\"uagb-ifb-title\">Kesimli Kutular<\/h4>\n<\/div>\n<\/div>\n<\/div>\n<!-- \/wp:uagb\/info-box --><\/div>\n<!-- \/wp:uagb\/container --><!-- wp:uagb\/buttons {\"block_id\":\"1218cf9a\",\"classMigrate\":true,\"childMigrate\":true,\"topMargin\":20,\"rightMargin\":0,\"bottomMargin\":0,\"leftMargin\":0} -->\n<div class=\"wp-block-uagb-buttons uagb-buttons__outer-wrap uagb-btn__default-btn uagb-btn-tablet__default-btn uagb-btn-mobile__default-btn uagb-block-1218cf9a\">\n<div class=\"uagb-buttons__wrap uagb-buttons-layout-wrap\"><!-- wp:uagb\/buttons-child {\"block_id\":\"67dca1e3\",\"label\":\"T\u00fcm Hizmetlerimiz\",\"link\":\"#https:\/\/mavi-koli.com\/?page_id=361\",\"topPadding\":17,\"rightPadding\":24,\"bottomPadding\":17,\"leftPadding\":24,\"paddingLink\":false,\"hBackground\":\"var(u002du002dast-global-color-8)\",\"iconSpace\":20,\"iconColor\":\"\",\"borderWidth\":\"\",\"borderRadius\":\"\",\"borderStyle\":\"\",\"borderColor\":\"\",\"borderHColor\":\"\",\"btnBorderTopWidth\":1,\"btnBorderLeftWidth\":1,\"btnBorderRightWidth\":1,\"btnBorderBottomWidth\":1,\"btnBorderTopLeftRadius\":3,\"btnBorderTopRightRadius\":3,\"btnBorderBottomLeftRadius\":3,\"btnBorderBottomRightRadius\":3,\"btnBorderStyle\":\"none\",\"btnBorderColor\":\"#333\",\"btnBorderHColor\":\"#333\",\"showIcon\":true} -->\n<div class=\"wp-block-uagb-buttons-child uagb-buttons__outer-wrap uagb-block-67dca1e3 wp-block-button is-style-outline\">\n<div class=\"uagb-button__wrapper\">\n<div class=\"uagb-button__link\">T\u00fcm Hizmetlerimiz<\/div>\n<\/div>\n<\/div>\n<!-- \/wp:uagb\/buttons-child --><\/div>\n<\/div>\n<!-- \/wp:uagb\/buttons --><\/div>\n<\/div>\n<!-- \/wp:uagb\/container --><!-- wp:uagb\/google-map {\"block_id\":\"8fe68604\",\"address\":\"Varsak Kar\u015f\u0131yaka Mah. Ey\u00fcp Sultan Cad. \",\"language\":\"tr\"} -->\n<div class=\"wp-block-uagb-google-map uagb-google-map__wrap uagb-block-8fe68604\">\u00a0<\/div>\n<!-- \/wp:uagb\/google-map --><!-- wp:paragraph -->\n<p>\u00a0<\/p>\n<!-- \/wp:paragraph --><!-- wp:paragraph -->\n<p>\u00a0<\/p>\n<!-- \/wp:paragraph --><!-- wp:paragraph -->\n<p>\u00a0<\/p>\n<!-- \/wp:paragraph --><!-- wp:paragraph -->\n<p>\u00a0<\/p>\n<!-- \/wp:paragraph --><!-- wp:paragraph -->\n<p><strong>Bize Ula\u015f\u0131n<\/strong><\/p>\n<!-- \/wp:paragraph --><!-- wp:paragraph -->\n<p>\u00a0<\/p>\n<!-- \/wp:paragraph --><!-- wp:paragraph -->\n<p>Adres: Alt\u0131ayak Mahallesi 8181. Sokak No:10 Kepez\/ANTALYA<\/p>\n<!-- \/wp:paragraph --><!-- wp:paragraph -->\n<p>\u00a0<\/p>\n<!-- \/wp:paragraph --><!-- wp:paragraph -->\n<p>Telefon : 0 (242) 502 25 42 &#8211; 0 (534) 959 08 93\u00a0<\/p>\n<!-- \/wp:paragraph --><!-- wp:paragraph -->\n<p>\u00a0<\/p>\n<!-- \/wp:paragraph --><!-- wp:paragraph -->\n<p>Mail : info@mavi-koli.com<\/p>\n<!-- \/wp:paragraph --><!-- wp:paragraph -->\n<p>\u00a0<\/p>\n<!-- \/wp:paragraph --><!-- wp:paragraph -->\n<p>\u00a0<\/p>\n<!-- \/wp:paragraph -->\t\t\t\t\t\t<\/div>\n\t\t\t\t<\/div>\n\t\t\t\t<div class=\"elementor-element elementor-element-0a91dfd elementor-widget elementor-widget-google_maps\" data-id=\"0a91dfd\" data-element_type=\"widget\" data-widget_type=\"google_maps.default\">\n\t\t\t\t<div class=\"elementor-widget-container\">\n\t\t\t<style>\/*! elementor - v3.8.1 - 13-11-2022 *\/\n.elementor-widget-google_maps .elementor-widget-container{overflow:hidden}.elementor-widget-google_maps iframe{height:300px}<\/style>\t\t<div class=\"elementor-custom-embed\">\n\t\t\t<iframe frameborder=\"0\" scrolling=\"no\" marginheight=\"0\" marginwidth=\"0\"\n\t\t\t\t\tsrc=\"https:\/\/maps.google.com\/maps?q=mavi%20koli%20antalya&#038;t=m&#038;z=9&#038;output=embed&#038;iwloc=near\"\n\t\t\t\t\ttitle=\"mavi koli antalya\"\n\t\t\t\t\taria-label=\"mavi koli antalya\"\n\t\t\t><\/iframe>\n\t\t<\/div>\n\t\t\t\t<\/div>\n\t\t\t\t<\/div>\n\t\t\t\t\t<\/div>\n\t\t<\/div>\n\t\t\t\t\t\t\t<\/div>\n\t\t<\/section>\n\t\t\t\t\t\t\t<\/div>\n\t\t","protected":false},"excerpt":{"rendered":"<p>\u00a0 \u00a0 \u00a0 \u00a0 Bize Ula\u015f\u0131n \u00a0 Adres: Alt\u0131ayak Mahallesi 8181. Sokak No:10 Kepez\/ANTALYA \u00a0 Telefon : 0 (242) 502 25 42 &#8211; 0 (534) 959 08 93\u00a0 \u00a0 Mail : info@mavi-koli.com \u00a0 \u00a0<\/p>\n","protected":false},"author":1,"featured_media":0,"parent":0,"menu_order":0,"comment_status":"closed","ping_status":"closed","template":"","meta":{"om_disable_all_campaigns":false,"_mi_skip_tracking":false,"site-sidebar-layout":"default","site-content-layout":"plain-container","ast-global-header-display":"","ast-main-header-display":"","ast-hfb-above-header-display":"","ast-hfb-below-header-display":"","ast-hfb-mobile-header-display":"","site-post-title":"disabled","ast-breadcrumbs-content":"","ast-featured-img":"","footer-sml-layout":"disabled","theme-transparent-header-meta":"enabled","adv-header-id-meta":"","stick-header-meta":"","header-above-stick-meta":"","header-main-stick-meta":"","header-below-stick-meta":""},"aioseo_notices":[],"uagb_featured_image_src":{"full":false,"thumbnail":false,"medium":false,"medium_large":false,"large":false,"1536x1536":false,"2048x2048":false},"uagb_author_info":{"display_name":"\u0130BRAH\u0130M","author_link":"https:\/\/mavi-koli.com\/?author=1"},"uagb_comment_info":0,"uagb_excerpt":"\u00a0 \u00a0 \u00a0 \u00a0 Bize Ula\u015f\u0131n \u00a0 Adres: Alt\u0131ayak Mahallesi 8181. Sokak No:10 Kepez\/ANTALYA \u00a0 Telefon : 0 (242) 502 25 42 &#8211; 0 (534) 959 08 93\u00a0 \u00a0 Mail : info@mavi-koli.com \u00a0 \u00a0","_links":{"self":[{"href":"https:\/\/mavi-koli.com\/index.php?rest_route=\/wp\/v2\/pages\/359"}],"collection":[{"href":"https:\/\/mavi-koli.com\/index.php?rest_route=\/wp\/v2\/pages"}],"about":[{"href":"https:\/\/mavi-koli.com\/index.php?rest_route=\/wp\/v2\/types\/page"}],"author":[{"embeddable":true,"href":"https:\/\/mavi-koli.com\/index.php?rest_route=\/wp\/v2\/users\/1"}],"replies":[{"embeddable":true,"href":"https:\/\/mavi-koli.com\/index.php?rest_route=%2Fwp%2Fv2%2Fcomments&post=359"}],"version-history":[{"count":75,"href":"https:\/\/mavi-koli.com\/index.php?rest_route=\/wp\/v2\/pages\/359\/revisions"}],"predecessor-version":[{"id":771,"href":"https:\/\/mavi-koli.com\/index.php?rest_route=\/wp\/v2\/pages\/359\/revisions\/771"}],"wp:attachment":[{"href":"https:\/\/mavi-koli.com\/index.php?rest_route=%2Fwp%2Fv2%2Fmedia&parent=359"}],"curies":[{"name":"wp","href":"https:\/\/api.w.org\/{rel}","templated":true}]}}